{"id":39,"date":"2025-12-26T18:34:37","date_gmt":"2025-12-26T18:34:37","guid":{"rendered":"https:\/\/elbancal.es\/?page_id=39"},"modified":"2026-02-02T12:06:00","modified_gmt":"2026-02-02T12:06:00","slug":"reservas","status":"publish","type":"page","link":"https:\/\/elbancal.es\/?page_id=39","title":{"rendered":"RESERVAS"},"content":{"rendered":"\t\t<div data-elementor-type=\"wp-page\" data-elementor-id=\"39\" class=\"elementor elementor-39\">\n\t\t\t\t<div class=\"elementor-element elementor-element-4394fb1 e-flex e-con-boxed e-con e-parent\" data-id=\"4394fb1\" data-element_type=\"container\" data-e-type=\"container\">\n\t\t\t\t\t<div class=\"e-con-inner\">\n\t\t\t\t<div class=\"elementor-element elementor-element-58ccabe elementor-widget elementor-widget-text-editor\" data-id=\"58ccabe\" data-element_type=\"widget\" data-e-type=\"widget\" data-widget_type=\"text-editor.default\">\n\t\t\t\t\t\t\t\t\t<p>Entre otra miles de cosas, estamos decidiendo qu\u00e9 software usar para gestionarlo todo, incluidas las reservas si es posible. Ahora estamos de feria en feria recibiendo much\u00edsima informaci\u00f3n para poder tomar la decisi\u00f3n que consideremos m\u00e1s adecuada<\/p>\t\t\t\t\t\t\t\t<\/div>\n\t\t\t\t\t<\/div>\n\t\t\t\t<\/div>\n\t\t\t\t<\/div>\n\t\t","protected":false},"excerpt":{"rendered":"<p>Entre otra miles de cosas, estamos decidiendo qu\u00e9 software usar para gestionarlo todo, incluidas las reservas si es posible. Ahora estamos de feria en feria recibiendo much\u00edsima informaci\u00f3n para poder tomar la decisi\u00f3n que consideremos m\u00e1s adecuada<\/p>\n","protected":false},"author":1,"featured_media":0,"parent":0,"menu_order":0,"comment_status":"closed","ping_status":"closed","template":"","meta":{"footnotes":""},"class_list":["post-39","page","type-page","status-publish","hentry"],"_links":{"self":[{"href":"https:\/\/elbancal.es\/index.php?rest_route=\/wp\/v2\/pages\/39","targetHints":{"allow":["GET"]}}],"collection":[{"href":"https:\/\/elbancal.es\/index.php?rest_route=\/wp\/v2\/pages"}],"about":[{"href":"https:\/\/elbancal.es\/index.php?rest_route=\/wp\/v2\/types\/page"}],"author":[{"embeddable":true,"href":"https:\/\/elbancal.es\/index.php?rest_route=\/wp\/v2\/users\/1"}],"replies":[{"embeddable":true,"href":"https:\/\/elbancal.es\/index.php?rest_route=%2Fwp%2Fv2%2Fcomments&post=39"}],"version-history":[{"count":6,"href":"https:\/\/elbancal.es\/index.php?rest_route=\/wp\/v2\/pages\/39\/revisions"}],"predecessor-version":[{"id":158,"href":"https:\/\/elbancal.es\/index.php?rest_route=\/wp\/v2\/pages\/39\/revisions\/158"}],"wp:attachment":[{"href":"https:\/\/elbancal.es\/index.php?rest_route=%2Fwp%2Fv2%2Fmedia&parent=39"}],"curies":[{"name":"wp","href":"https:\/\/api.w.org\/{rel}","templated":true}]}}